{"id":1103,"date":"2019-02-15T21:32:48","date_gmt":"2019-02-15T20:32:48","guid":{"rendered":"https:\/\/www.spitfire24.fr\/?page_id=1103"},"modified":"2025-02-22T18:52:06","modified_gmt":"2025-02-22T17:52:06","slug":"1103-2","status":"publish","type":"page","link":"https:\/\/www.spitfire24.fr\/?page_id=1103","title":{"rendered":"Vid\u00e9os"},"content":{"rendered":"\n<p class=\"has-text-align-center\" style=\"font-size:32px\"><strong>SPITFIRE ANN\u00c9E 2024<\/strong><\/p>\n\n\n\n<figure class=\"wp-block-embed is-type-video is-provider-youtube wp-block-embed-youtube wp-embed-aspect-16-9 wp-has-aspect-ratio\"><div class=\"wp-block-embed__wrapper\">\n<iframe loading=\"lazy\" title=\"SPITFIRE live - P\u00e9rigueux 2019\" width=\"760\" height=\"428\" src=\"https:\/\/www.youtube.com\/embed\/p2ZEDxLfa-U?feature=oembed\" frameborder=\"0\" allow=\"accelerometer; autoplay; clipboard-write; encrypted-media; gyroscope; picture-in-picture; web-share\" referrerpolicy=\"strict-origin-when-cross-origin\" allowfullscreen><\/iframe>\n<\/div><\/figure>\n\n\n\n<p class=\"has-text-align-center\" style=\"font-size:32px\"><span><b>SPITFIRE ANN\u00c9E 2023<\/b><\/span><\/p>\n\n\n\n<figure class=\"wp-block-embed is-type-video is-provider-youtube wp-block-embed-youtube wp-embed-aspect-4-3 wp-has-aspect-ratio\"><div class=\"wp-block-embed__wrapper\">\n<iframe loading=\"lazy\" title=\"SPITFIRE POP ROCK - Soir\u00e9e Super H\u00e9ros\" width=\"760\" height=\"570\" src=\"https:\/\/www.youtube.com\/embed\/SOkptR5P86o?feature=oembed\" frameborder=\"0\" allow=\"accelerometer; autoplay; clipboard-write; encrypted-media; gyroscope; picture-in-picture; web-share\" referrerpolicy=\"strict-origin-when-cross-origin\" allowfullscreen><\/iframe>\n<\/div><\/figure>\n\n\n\n<p class=\"has-text-align-center\" style=\"font-size:32px\"><strong>SPITFIRE ANN\u00c9E 2022<\/strong><\/p>\n\n\n\n<figure class=\"wp-block-embed is-type-video is-provider-youtube wp-block-embed-youtube wp-embed-aspect-4-3 wp-has-aspect-ratio\"><div class=\"wp-block-embed__wrapper\">\n<iframe loading=\"lazy\" title=\"SPITFIRE Live - P\u00e9rigueux 2017\" width=\"760\" height=\"570\" src=\"https:\/\/www.youtube.com\/embed\/_6QcHGLHg4A?feature=oembed\" frameborder=\"0\" allow=\"accelerometer; autoplay; clipboard-write; encrypted-media; gyroscope; picture-in-picture; web-share\" referrerpolicy=\"strict-origin-when-cross-origin\" allowfullscreen><\/iframe>\n<\/div><\/figure>\n\n\n\n<p class=\"has-text-align-center\" style=\"font-size:32px\"><strong>SPITFIRE ANN\u00c9E 2016<\/strong><\/p>\n\n\n\n<figure class=\"wp-block-embed is-type-video is-provider-youtube wp-block-embed-youtube wp-embed-aspect-4-3 wp-has-aspect-ratio\"><div class=\"wp-block-embed__wrapper\">\n<iframe loading=\"lazy\" title=\"Concert motos St Yrieix New 2016\" width=\"760\" height=\"570\" src=\"https:\/\/www.youtube.com\/embed\/odD1TLkCyUU?feature=oembed\" frameborder=\"0\" allow=\"accelerometer; autoplay; clipboard-write; encrypted-media; gyroscope; picture-in-picture; web-share\" referrerpolicy=\"strict-origin-when-cross-origin\" allowfullscreen><\/iframe>\n<\/div><\/figure>\n\n\n\n<p class=\"has-text-align-center\" style=\"font-size:32px\"><strong>SPITFIRE ANNEE&nbsp;2012<\/strong><\/p>\n\n\n\n<figure class=\"wp-block-embed is-type-video is-provider-youtube wp-block-embed-youtube wp-embed-aspect-4-3 wp-has-aspect-ratio\"><div class=\"wp-block-embed__wrapper\">\n<iframe loading=\"lazy\" title=\"SPITFIRE Live - Fin du concert de la St Patrick\" width=\"760\" height=\"570\" src=\"https:\/\/www.youtube.com\/embed\/e8mnCuCs4bw?feature=oembed\" frameborder=\"0\" allow=\"accelerometer; autoplay; clipboard-write; encrypted-media; gyroscope; picture-in-picture; web-share\" referrerpolicy=\"strict-origin-when-cross-origin\" allowfullscreen><\/iframe>\n<\/div><figcaption class=\"wp-element-caption\"><br><\/figcaption><\/figure>\n\n\n\n<p class=\"has-text-align-center\" style=\"font-size:29px\"><strong>SPITFIRE EN&nbsp;DUO&nbsp;POUR&nbsp;VOS&nbsp;SOIREES&nbsp;!<\/strong><\/p>\n\n\n\n<figure class=\"wp-block-embed is-type-video is-provider-youtube wp-block-embed-youtube wp-embed-aspect-4-3 wp-has-aspect-ratio\"><div class=\"wp-block-embed__wrapper\">\n<iframe loading=\"lazy\" title=\"SPITFIRE Live - P\u00e9rigueux - Version &quot;duo&quot; (Faith)\" width=\"760\" height=\"570\" src=\"https:\/\/www.youtube.com\/embed\/n6xyOaZBk00?feature=oembed\" frameborder=\"0\" allow=\"accelerometer; autoplay; clipboard-write; encrypted-media; gyroscope; picture-in-picture; web-share\" referrerpolicy=\"strict-origin-when-cross-origin\" allowfullscreen><\/iframe>\n<\/div><figcaption class=\"wp-element-caption\"><br><\/figcaption><\/figure>\n\n\n\n<figure class=\"wp-block-gallery aligncenter has-nested-images columns-default is-cropped wp-block-gallery-1 is-layout-flex wp-block-gallery-is-layout-flex\"><\/figure>\n","protected":false},"excerpt":{"rendered":"<p>SPITFIRE ANN\u00c9E 2024 SPITFIRE ANN\u00c9E 2023 SPITFIRE ANN\u00c9E 2022 SPITFIRE ANN\u00c9E 2016 SPITFIRE ANNEE&nbsp;2012 SPITFIRE EN&nbsp;DUO&nbsp;POUR&nbsp;VOS&nbsp;SOIREES&nbsp;!<\/p>\n","protected":false},"author":3,"featured_media":0,"parent":0,"menu_order":0,"comment_status":"closed","ping_status":"closed","template":"","meta":{"footnotes":""},"class_list":["post-1103","page","type-page","status-publish","hentry"],"yoast_head":"<!-- This site is optimized with the Yoast SEO plugin v27.3 - https:\/\/yoast.com\/product\/yoast-seo-wordpress\/ -->\n<title>Vid\u00e9os - SPITFIRE<\/title>\n<meta name=\"robots\" content=\"index, follow, max-snippet:-1, max-image-preview:large, max-video-preview:-1\" \/>\n<link rel=\"canonical\" href=\"https:\/\/www.spitfire24.fr\/?page_id=1103\" \/>\n<meta property=\"og:locale\" content=\"fr_FR\" \/>\n<meta property=\"og:type\" content=\"article\" \/>\n<meta property=\"og:title\" content=\"Vid\u00e9os - SPITFIRE\" \/>\n<meta property=\"og:description\" content=\"SPITFIRE ANN\u00c9E 2024 SPITFIRE ANN\u00c9E 2023 SPITFIRE ANN\u00c9E 2022 SPITFIRE ANN\u00c9E 2016 SPITFIRE ANNEE&nbsp;2012 SPITFIRE EN&nbsp;DUO&nbsp;POUR&nbsp;VOS&nbsp;SOIREES&nbsp;!\" \/>\n<meta property=\"og:url\" content=\"https:\/\/www.spitfire24.fr\/?page_id=1103\" \/>\n<meta property=\"og:site_name\" content=\"SPITFIRE\" \/>\n<meta property=\"article:publisher\" content=\"https:\/\/m.facebook.com\/spitfire24.fr\" \/>\n<meta property=\"article:modified_time\" content=\"2025-02-22T17:52:06+00:00\" \/>\n<meta name=\"twitter:card\" content=\"summary_large_image\" \/>\n<meta name=\"twitter:label1\" content=\"Dur\u00e9e de lecture estim\u00e9e\" \/>\n\t<meta name=\"twitter:data1\" content=\"1 minute\" \/>\n<script type=\"application\/ld+json\" class=\"yoast-schema-graph\">{\"@context\":\"https:\\\/\\\/schema.org\",\"@graph\":[{\"@type\":\"WebPage\",\"@id\":\"https:\\\/\\\/www.spitfire24.fr\\\/?page_id=1103\",\"url\":\"https:\\\/\\\/www.spitfire24.fr\\\/?page_id=1103\",\"name\":\"Vid\u00e9os - SPITFIRE\",\"isPartOf\":{\"@id\":\"https:\\\/\\\/www.spitfire24.fr\\\/#website\"},\"datePublished\":\"2019-02-15T20:32:48+00:00\",\"dateModified\":\"2025-02-22T17:52:06+00:00\",\"breadcrumb\":{\"@id\":\"https:\\\/\\\/www.spitfire24.fr\\\/?page_id=1103#breadcrumb\"},\"inLanguage\":\"fr-FR\",\"potentialAction\":[{\"@type\":\"ReadAction\",\"target\":[\"https:\\\/\\\/www.spitfire24.fr\\\/?page_id=1103\"]}]},{\"@type\":\"BreadcrumbList\",\"@id\":\"https:\\\/\\\/www.spitfire24.fr\\\/?page_id=1103#breadcrumb\",\"itemListElement\":[{\"@type\":\"ListItem\",\"position\":1,\"name\":\"Accueil\",\"item\":\"https:\\\/\\\/www.spitfire24.fr\\\/\"},{\"@type\":\"ListItem\",\"position\":2,\"name\":\"Vid\u00e9os\"}]},{\"@type\":\"WebSite\",\"@id\":\"https:\\\/\\\/www.spitfire24.fr\\\/#website\",\"url\":\"https:\\\/\\\/www.spitfire24.fr\\\/\",\"name\":\"SPITFIRE\",\"description\":\"Le Groupe Pop Rock de P\u00e9rigueux 2012 - 2026\",\"potentialAction\":[{\"@type\":\"SearchAction\",\"target\":{\"@type\":\"EntryPoint\",\"urlTemplate\":\"https:\\\/\\\/www.spitfire24.fr\\\/?s={search_term_string}\"},\"query-input\":{\"@type\":\"PropertyValueSpecification\",\"valueRequired\":true,\"valueName\":\"search_term_string\"}}],\"inLanguage\":\"fr-FR\"}]}<\/script>\n<!-- \/ Yoast SEO plugin. -->","yoast_head_json":{"title":"Vid\u00e9os - SPITFIRE","robots":{"index":"index","follow":"follow","max-snippet":"max-snippet:-1","max-image-preview":"max-image-preview:large","max-video-preview":"max-video-preview:-1"},"canonical":"https:\/\/www.spitfire24.fr\/?page_id=1103","og_locale":"fr_FR","og_type":"article","og_title":"Vid\u00e9os - SPITFIRE","og_description":"SPITFIRE ANN\u00c9E 2024 SPITFIRE ANN\u00c9E 2023 SPITFIRE ANN\u00c9E 2022 SPITFIRE ANN\u00c9E 2016 SPITFIRE ANNEE&nbsp;2012 SPITFIRE EN&nbsp;DUO&nbsp;POUR&nbsp;VOS&nbsp;SOIREES&nbsp;!","og_url":"https:\/\/www.spitfire24.fr\/?page_id=1103","og_site_name":"SPITFIRE","article_publisher":"https:\/\/m.facebook.com\/spitfire24.fr","article_modified_time":"2025-02-22T17:52:06+00:00","twitter_card":"summary_large_image","twitter_misc":{"Dur\u00e9e de lecture estim\u00e9e":"1 minute"},"schema":{"@context":"https:\/\/schema.org","@graph":[{"@type":"WebPage","@id":"https:\/\/www.spitfire24.fr\/?page_id=1103","url":"https:\/\/www.spitfire24.fr\/?page_id=1103","name":"Vid\u00e9os - SPITFIRE","isPartOf":{"@id":"https:\/\/www.spitfire24.fr\/#website"},"datePublished":"2019-02-15T20:32:48+00:00","dateModified":"2025-02-22T17:52:06+00:00","breadcrumb":{"@id":"https:\/\/www.spitfire24.fr\/?page_id=1103#breadcrumb"},"inLanguage":"fr-FR","potentialAction":[{"@type":"ReadAction","target":["https:\/\/www.spitfire24.fr\/?page_id=1103"]}]},{"@type":"BreadcrumbList","@id":"https:\/\/www.spitfire24.fr\/?page_id=1103#breadcrumb","itemListElement":[{"@type":"ListItem","position":1,"name":"Accueil","item":"https:\/\/www.spitfire24.fr\/"},{"@type":"ListItem","position":2,"name":"Vid\u00e9os"}]},{"@type":"WebSite","@id":"https:\/\/www.spitfire24.fr\/#website","url":"https:\/\/www.spitfire24.fr\/","name":"SPITFIRE","description":"Le Groupe Pop Rock de P\u00e9rigueux 2012 - 2026","potentialAction":[{"@type":"SearchAction","target":{"@type":"EntryPoint","urlTemplate":"https:\/\/www.spitfire24.fr\/?s={search_term_string}"},"query-input":{"@type":"PropertyValueSpecification","valueRequired":true,"valueName":"search_term_string"}}],"inLanguage":"fr-FR"}]}},"_links":{"self":[{"href":"https:\/\/www.spitfire24.fr\/index.php?rest_route=\/wp\/v2\/pages\/1103","targetHints":{"allow":["GET"]}}],"collection":[{"href":"https:\/\/www.spitfire24.fr\/index.php?rest_route=\/wp\/v2\/pages"}],"about":[{"href":"https:\/\/www.spitfire24.fr\/index.php?rest_route=\/wp\/v2\/types\/page"}],"author":[{"embeddable":true,"href":"https:\/\/www.spitfire24.fr\/index.php?rest_route=\/wp\/v2\/users\/3"}],"replies":[{"embeddable":true,"href":"https:\/\/www.spitfire24.fr\/index.php?rest_route=%2Fwp%2Fv2%2Fcomments&post=1103"}],"version-history":[{"count":46,"href":"https:\/\/www.spitfire24.fr\/index.php?rest_route=\/wp\/v2\/pages\/1103\/revisions"}],"predecessor-version":[{"id":1698,"href":"https:\/\/www.spitfire24.fr\/index.php?rest_route=\/wp\/v2\/pages\/1103\/revisions\/1698"}],"wp:attachment":[{"href":"https:\/\/www.spitfire24.fr\/index.php?rest_route=%2Fwp%2Fv2%2Fmedia&parent=1103"}],"curies":[{"name":"wp","href":"https:\/\/api.w.org\/{rel}","templated":true}]}}